{"id":1709,"date":"2024-09-04T16:40:20","date_gmt":"2024-09-04T14:40:20","guid":{"rendered":"https:\/\/www.epdb.hu\/dokumentumok\/"},"modified":"2026-04-09T14:37:00","modified_gmt":"2026-04-09T12:37:00","slug":"documents","status":"publish","type":"page","link":"https:\/\/www.epdb.hu\/en\/documents\/","title":{"rendered":"Documents"},"content":{"rendered":"\t\t<div data-elementor-type=\"wp-page\" data-elementor-id=\"1709\" class=\"elementor elementor-1709 elementor-991\" data-elementor-post-type=\"page\">\n\t\t\t\t<div class=\"elementor-element elementor-element-648bd4a e-flex e-con-boxed e-con e-parent\" data-id=\"648bd4a\" data-element_type=\"container\" data-e-type=\"container\" data-settings=\"{&quot;background_background&quot;:&quot;classic&quot;}\">\n\t\t\t\t\t<div class=\"e-con-inner\">\n\t\t\t\t<div class=\"elementor-element elementor-element-e9904b6 elementor-widget elementor-widget-heading\" data-id=\"e9904b6\" data-element_type=\"widget\" data-e-type=\"widget\" data-widget_type=\"heading.default\">\n\t\t\t\t<div class=\"elementor-widget-container\">\n\t\t\t\t\t<h1 class=\"elementor-heading-title elementor-size-default\">Documents<\/h1>\t\t\t\t<\/div>\n\t\t\t\t<\/div>\n\t\t\t\t\t<\/div>\n\t\t\t\t<\/div>\n\t\t<div class=\"elementor-element elementor-element-1ee892e e-flex e-con-boxed e-con e-parent\" data-id=\"1ee892e\" data-element_type=\"container\" data-e-type=\"container\">\n\t\t\t\t\t<div class=\"e-con-inner\">\n\t\t\t\t<div class=\"elementor-element elementor-element-7849a10 elementor-widget elementor-widget-heading\" data-id=\"7849a10\" data-element_type=\"widget\" data-e-type=\"widget\" data-widget_type=\"heading.default\">\n\t\t\t\t<div class=\"elementor-widget-container\">\n\t\t\t\t\t<h2 class=\"elementor-heading-title elementor-size-default\">Copy creation order<\/h2>\t\t\t\t<\/div>\n\t\t\t\t<\/div>\n\t\t\t\t<div class=\"elementor-element elementor-element-f0d5561 elementor-widget__width-initial elementor-position-top elementor-widget elementor-widget-image-box\" data-id=\"f0d5561\" data-element_type=\"widget\" data-e-type=\"widget\" data-widget_type=\"image-box.default\">\n\t\t\t\t<div class=\"elementor-widget-container\">\n\t\t\t\t\t<div class=\"elementor-image-box-wrapper\"><figure class=\"elementor-image-box-img\"><a href=\"https:\/\/www.epdb.hu\/wp-content\/uploads\/2024\/09\/EPDB_PDK_masolatkeszitesi_rend_v3.pdf\" target=\"_blank\" tabindex=\"-1\"><img fetchpriority=\"high\" decoding=\"async\" width=\"300\" height=\"300\" src=\"https:\/\/www.epdb.hu\/wp-content\/uploads\/2024\/09\/pdf.webp\" class=\"attachment-full size-full wp-image-1639\" alt=\"pdf\" \/><\/a><\/figure><div class=\"elementor-image-box-content\"><h3 class=\"elementor-image-box-title\"><a href=\"https:\/\/www.epdb.hu\/wp-content\/uploads\/2024\/09\/EPDB_PDK_masolatkeszitesi_rend_v3.pdf\" target=\"_blank\">Copy creation order<\/a><\/h3><\/div><\/div>\t\t\t\t<\/div>\n\t\t\t\t<\/div>\n\t\t\t\t\t<\/div>\n\t\t\t\t<\/div>\n\t\t<div class=\"elementor-element elementor-element-0d208c6 e-flex e-con-boxed e-con e-parent\" data-id=\"0d208c6\" data-element_type=\"container\" data-e-type=\"container\">\n\t\t\t\t\t<div class=\"e-con-inner\">\n\t\t\t\t<div class=\"elementor-element elementor-element-48d6030 elementor-widget elementor-widget-heading\" data-id=\"48d6030\" data-element_type=\"widget\" data-e-type=\"widget\" data-widget_type=\"heading.default\">\n\t\t\t\t<div class=\"elementor-widget-container\">\n\t\t\t\t\t<h2 class=\"elementor-heading-title elementor-size-default\">ISO Certificates<\/h2>\t\t\t\t<\/div>\n\t\t\t\t<\/div>\n\t\t\t\t\t<\/div>\n\t\t\t\t<\/div>\n\t\t<div class=\"elementor-element elementor-element-7f0efbe e-flex e-con-boxed e-con e-parent\" data-id=\"7f0efbe\" data-element_type=\"container\" data-e-type=\"container\">\n\t\t\t\t\t<div class=\"e-con-inner\">\n\t\t\t\t<div class=\"elementor-element elementor-element-523f486 elementor-widget__width-initial elementor-position-top elementor-widget elementor-widget-image-box\" data-id=\"523f486\" data-element_type=\"widget\" data-e-type=\"widget\" data-widget_type=\"image-box.default\">\n\t\t\t\t<div class=\"elementor-widget-container\">\n\t\t\t\t\t<div class=\"elementor-image-box-wrapper\"><figure class=\"elementor-image-box-img\"><a href=\"\/wp-content\/uploads\/2025\/10\/ISO-IEC-27001-2025-magyar.pdf\" target=\"_blank\" tabindex=\"-1\"><img fetchpriority=\"high\" decoding=\"async\" width=\"300\" height=\"300\" src=\"https:\/\/www.epdb.hu\/wp-content\/uploads\/2024\/09\/pdf.webp\" class=\"attachment-full size-full wp-image-1639\" alt=\"pdf\" \/><\/a><\/figure><div class=\"elementor-image-box-content\"><h3 class=\"elementor-image-box-title\"><a href=\"\/wp-content\/uploads\/2025\/10\/ISO-IEC-27001-2025-magyar.pdf\" target=\"_blank\">ISO\/IEC 27001:2022 (HU)<\/a><\/h3><\/div><\/div>\t\t\t\t<\/div>\n\t\t\t\t<\/div>\n\t\t\t\t<div class=\"elementor-element elementor-element-c068354 elementor-widget__width-initial elementor-position-top elementor-widget elementor-widget-image-box\" data-id=\"c068354\" data-element_type=\"widget\" data-e-type=\"widget\" data-widget_type=\"image-box.default\">\n\t\t\t\t<div class=\"elementor-widget-container\">\n\t\t\t\t\t<div class=\"elementor-image-box-wrapper\"><figure class=\"elementor-image-box-img\"><a href=\"\/wp-content\/uploads\/2025\/10\/ISO-IEC-27001-2025-angol.pdf\" target=\"_blank\" tabindex=\"-1\"><img fetchpriority=\"high\" decoding=\"async\" width=\"300\" height=\"300\" src=\"https:\/\/www.epdb.hu\/wp-content\/uploads\/2024\/09\/pdf.webp\" class=\"attachment-full size-full wp-image-1639\" alt=\"pdf\" \/><\/a><\/figure><div class=\"elementor-image-box-content\"><h3 class=\"elementor-image-box-title\"><a href=\"\/wp-content\/uploads\/2025\/10\/ISO-IEC-27001-2025-angol.pdf\" target=\"_blank\">ISO\/IEC 27001:2022 (EN)<\/a><\/h3><\/div><\/div>\t\t\t\t<\/div>\n\t\t\t\t<\/div>\n\t\t\t\t<div class=\"elementor-element elementor-element-242e04e elementor-widget__width-initial elementor-position-top elementor-widget elementor-widget-image-box\" data-id=\"242e04e\" data-element_type=\"widget\" data-e-type=\"widget\" data-widget_type=\"image-box.default\">\n\t\t\t\t<div class=\"elementor-widget-container\">\n\t\t\t\t\t<div class=\"elementor-image-box-wrapper\"><figure class=\"elementor-image-box-img\"><a href=\"\/wp-content\/uploads\/2024\/09\/ISO-9001_2015_es_ISO-14001_2015_tanusitvany_2024.03.25_2027.03.24.pdf\" target=\"_blank\" tabindex=\"-1\"><img fetchpriority=\"high\" decoding=\"async\" width=\"300\" height=\"300\" src=\"https:\/\/www.epdb.hu\/wp-content\/uploads\/2024\/09\/pdf.webp\" class=\"attachment-full size-full wp-image-1639\" alt=\"pdf\" \/><\/a><\/figure><div class=\"elementor-image-box-content\"><h3 class=\"elementor-image-box-title\"><a href=\"\/wp-content\/uploads\/2024\/09\/ISO-9001_2015_es_ISO-14001_2015_tanusitvany_2024.03.25_2027.03.24.pdf\" target=\"_blank\">ISO 9001:2015 \u00e9s ISO 14001:2015 (HU)<\/a><\/h3><\/div><\/div>\t\t\t\t<\/div>\n\t\t\t\t<\/div>\n\t\t\t\t<div class=\"elementor-element elementor-element-226cbb6 elementor-widget__width-initial elementor-position-top elementor-widget elementor-widget-image-box\" data-id=\"226cbb6\" data-element_type=\"widget\" data-e-type=\"widget\" data-widget_type=\"image-box.default\">\n\t\t\t\t<div class=\"elementor-widget-container\">\n\t\t\t\t\t<div class=\"elementor-image-box-wrapper\"><figure class=\"elementor-image-box-img\"><a href=\"\/wp-content\/uploads\/2024\/09\/ISO-9001_2015_es_ISO-14001_2015_tanusitvany_angol_2024.03.25_2027.03.24.pdf\" target=\"_blank\" tabindex=\"-1\"><img fetchpriority=\"high\" decoding=\"async\" width=\"300\" height=\"300\" src=\"https:\/\/www.epdb.hu\/wp-content\/uploads\/2024\/09\/pdf.webp\" class=\"attachment-full size-full wp-image-1639\" alt=\"pdf\" \/><\/a><\/figure><div class=\"elementor-image-box-content\"><h3 class=\"elementor-image-box-title\"><a href=\"\/wp-content\/uploads\/2024\/09\/ISO-9001_2015_es_ISO-14001_2015_tanusitvany_angol_2024.03.25_2027.03.24.pdf\" target=\"_blank\">ISO 9001:2015 \u00e9s ISO 14001:2015 (EN)<\/a><\/h3><\/div><\/div>\t\t\t\t<\/div>\n\t\t\t\t<\/div>\n\t\t\t\t<div class=\"elementor-element elementor-element-8ded2f7 elementor-widget__width-initial elementor-position-top elementor-widget elementor-widget-image-box\" data-id=\"8ded2f7\" data-element_type=\"widget\" data-e-type=\"widget\" data-widget_type=\"image-box.default\">\n\t\t\t\t<div class=\"elementor-widget-container\">\n\t\t\t\t\t<div class=\"elementor-image-box-wrapper\"><figure class=\"elementor-image-box-img\"><a href=\"\/wp-content\/uploads\/2025\/03\/EPDB-FSC.pdf\" target=\"_blank\" tabindex=\"-1\"><img fetchpriority=\"high\" decoding=\"async\" width=\"300\" height=\"300\" src=\"https:\/\/www.epdb.hu\/wp-content\/uploads\/2024\/09\/pdf.webp\" class=\"attachment-full size-full wp-image-1639\" alt=\"pdf\" \/><\/a><\/figure><div class=\"elementor-image-box-content\"><h3 class=\"elementor-image-box-title\"><a href=\"\/wp-content\/uploads\/2025\/03\/EPDB-FSC.pdf\" target=\"_blank\">FSC-STD-40-004 \u00e9s FSC-STD-50-001<\/a><\/h3><\/div><\/div>\t\t\t\t<\/div>\n\t\t\t\t<\/div>\n\t\t\t\t<div class=\"elementor-element elementor-element-15e9816 elementor-widget__width-initial elementor-position-top elementor-widget elementor-widget-image-box\" data-id=\"15e9816\" data-element_type=\"widget\" data-e-type=\"widget\" data-widget_type=\"image-box.default\">\n\t\t\t\t<div class=\"elementor-widget-container\">\n\t\t\t\t\t<div class=\"elementor-image-box-wrapper\"><figure class=\"elementor-image-box-img\"><a href=\"\/wp-content\/uploads\/2026\/01\/ISO50001-2018.pdf\" target=\"_blank\" tabindex=\"-1\"><img fetchpriority=\"high\" decoding=\"async\" width=\"300\" height=\"300\" src=\"https:\/\/www.epdb.hu\/wp-content\/uploads\/2024\/09\/pdf.webp\" class=\"attachment-full size-full wp-image-1639\" alt=\"pdf\" \/><\/a><\/figure><div class=\"elementor-image-box-content\"><h3 class=\"elementor-image-box-title\"><a href=\"\/wp-content\/uploads\/2026\/01\/ISO50001-2018.pdf\" target=\"_blank\">ISO 50001:2018 (HU)<\/a><\/h3><\/div><\/div>\t\t\t\t<\/div>\n\t\t\t\t<\/div>\n\t\t\t\t<div class=\"elementor-element elementor-element-40c1bf7 elementor-widget__width-initial elementor-position-top elementor-widget elementor-widget-image-box\" data-id=\"40c1bf7\" data-element_type=\"widget\" data-e-type=\"widget\" data-widget_type=\"image-box.default\">\n\t\t\t\t<div class=\"elementor-widget-container\">\n\t\t\t\t\t<div class=\"elementor-image-box-wrapper\"><figure class=\"elementor-image-box-img\"><a href=\"\/wp-content\/uploads\/2026\/01\/ISO50001-2018-EN.pdf\" target=\"_blank\" tabindex=\"-1\"><img fetchpriority=\"high\" decoding=\"async\" width=\"300\" height=\"300\" src=\"https:\/\/www.epdb.hu\/wp-content\/uploads\/2024\/09\/pdf.webp\" class=\"attachment-full size-full wp-image-1639\" alt=\"pdf\" \/><\/a><\/figure><div class=\"elementor-image-box-content\"><h3 class=\"elementor-image-box-title\"><a href=\"\/wp-content\/uploads\/2026\/01\/ISO50001-2018-EN.pdf\" target=\"_blank\">ISO 50001:2018 (EN)<\/a><\/h3><\/div><\/div>\t\t\t\t<\/div>\n\t\t\t\t<\/div>\n\t\t\t\t\t<\/div>\n\t\t\t\t<\/div>\n\t\t<div class=\"elementor-element elementor-element-347d13b elementor-hidden-desktop elementor-hidden-laptop elementor-hidden-tablet elementor-hidden-mobile e-flex e-con-boxed e-con e-parent\" data-id=\"347d13b\" data-element_type=\"container\" data-e-type=\"container\">\n\t\t\t\t\t<div class=\"e-con-inner\">\n\t\t\t\t<div class=\"elementor-element elementor-element-8f79374 elementor-widget elementor-widget-heading\" data-id=\"8f79374\" data-element_type=\"widget\" data-e-type=\"widget\" data-widget_type=\"heading.default\">\n\t\t\t\t<div class=\"elementor-widget-container\">\n\t\t\t\t\t<h2 class=\"elementor-heading-title elementor-size-default\">Besz\u00e1mol\u00f3k<\/h2>\t\t\t\t<\/div>\n\t\t\t\t<\/div>\n\t\t\t\t\t<\/div>\n\t\t\t\t<\/div>\n\t\t<div class=\"elementor-element elementor-element-e7edf4b elementor-hidden-desktop elementor-hidden-laptop elementor-hidden-tablet elementor-hidden-mobile e-flex e-con-boxed e-con e-parent\" data-id=\"e7edf4b\" data-element_type=\"container\" data-e-type=\"container\">\n\t\t\t\t\t<div class=\"e-con-inner\">\n\t\t\t\t<div class=\"elementor-element elementor-element-1562c38 elementor-widget__width-initial elementor-position-top elementor-widget elementor-widget-image-box\" data-id=\"1562c38\" data-element_type=\"widget\" data-e-type=\"widget\" data-widget_type=\"image-box.default\">\n\t\t\t\t<div class=\"elementor-widget-container\">\n\t\t\t\t\t<div class=\"elementor-image-box-wrapper\"><figure class=\"elementor-image-box-img\"><a href=\"\/wp-content\/uploads\/2024\/09\/ISO_IEC-27001_2013_tanusitvany_2024.03.25_2025.10.31.pdf\" target=\"_blank\" tabindex=\"-1\"><img fetchpriority=\"high\" decoding=\"async\" width=\"300\" height=\"300\" src=\"https:\/\/www.epdb.hu\/wp-content\/uploads\/2024\/09\/pdf.webp\" class=\"attachment-full size-full wp-image-1639\" alt=\"pdf\" \/><\/a><\/figure><div class=\"elementor-image-box-content\"><h3 class=\"elementor-image-box-title\"><a href=\"\/wp-content\/uploads\/2024\/09\/ISO_IEC-27001_2013_tanusitvany_2024.03.25_2025.10.31.pdf\" target=\"_blank\">ISO\/IEC 27001:2013 (HU)<\/a><\/h3><\/div><\/div>\t\t\t\t<\/div>\n\t\t\t\t<\/div>\n\t\t\t\t<div class=\"elementor-element elementor-element-71760b0 elementor-widget__width-initial elementor-position-top elementor-widget elementor-widget-image-box\" data-id=\"71760b0\" data-element_type=\"widget\" data-e-type=\"widget\" data-widget_type=\"image-box.default\">\n\t\t\t\t<div class=\"elementor-widget-container\">\n\t\t\t\t\t<div class=\"elementor-image-box-wrapper\"><figure class=\"elementor-image-box-img\"><a href=\"\/wp-content\/uploads\/2024\/09\/ISO_IEC-27001_2013_tanusitvany_angol_2024.03.25_2025.10.31.pdf\" target=\"_blank\" tabindex=\"-1\"><img fetchpriority=\"high\" decoding=\"async\" width=\"300\" height=\"300\" src=\"https:\/\/www.epdb.hu\/wp-content\/uploads\/2024\/09\/pdf.webp\" class=\"attachment-full size-full wp-image-1639\" alt=\"pdf\" \/><\/a><\/figure><div class=\"elementor-image-box-content\"><h3 class=\"elementor-image-box-title\"><a href=\"\/wp-content\/uploads\/2024\/09\/ISO_IEC-27001_2013_tanusitvany_angol_2024.03.25_2025.10.31.pdf\" target=\"_blank\">ISO\/IEC 27001:2013 (EN)<\/a><\/h3><\/div><\/div>\t\t\t\t<\/div>\n\t\t\t\t<\/div>\n\t\t\t\t<div class=\"elementor-element elementor-element-498acc5 elementor-widget__width-initial elementor-position-top elementor-widget elementor-widget-image-box\" data-id=\"498acc5\" data-element_type=\"widget\" data-e-type=\"widget\" data-widget_type=\"image-box.default\">\n\t\t\t\t<div class=\"elementor-widget-container\">\n\t\t\t\t\t<div class=\"elementor-image-box-wrapper\"><figure class=\"elementor-image-box-img\"><a href=\"\/wp-content\/uploads\/2024\/09\/ISO-9001_2015_es_ISO-14001_2015_tanusitvany_2024.03.25_2027.03.24.pdf\" target=\"_blank\" tabindex=\"-1\"><img fetchpriority=\"high\" decoding=\"async\" width=\"300\" height=\"300\" src=\"https:\/\/www.epdb.hu\/wp-content\/uploads\/2024\/09\/pdf.webp\" class=\"attachment-full size-full wp-image-1639\" alt=\"pdf\" \/><\/a><\/figure><div class=\"elementor-image-box-content\"><h3 class=\"elementor-image-box-title\"><a href=\"\/wp-content\/uploads\/2024\/09\/ISO-9001_2015_es_ISO-14001_2015_tanusitvany_2024.03.25_2027.03.24.pdf\" target=\"_blank\">ISO 9001:2015 \u00e9s ISO 14001:2015 (HU)<\/a><\/h3><\/div><\/div>\t\t\t\t<\/div>\n\t\t\t\t<\/div>\n\t\t\t\t<div class=\"elementor-element elementor-element-a6c07d3 elementor-widget__width-initial elementor-position-top elementor-widget elementor-widget-image-box\" data-id=\"a6c07d3\" data-element_type=\"widget\" data-e-type=\"widget\" data-widget_type=\"image-box.default\">\n\t\t\t\t<div class=\"elementor-widget-container\">\n\t\t\t\t\t<div class=\"elementor-image-box-wrapper\"><figure class=\"elementor-image-box-img\"><a href=\"\/wp-content\/uploads\/2024\/09\/ISO-9001_2015_es_ISO-14001_2015_tanusitvany_angol_2024.03.25_2027.03.24.pdf\" target=\"_blank\" tabindex=\"-1\"><img fetchpriority=\"high\" decoding=\"async\" width=\"300\" height=\"300\" src=\"https:\/\/www.epdb.hu\/wp-content\/uploads\/2024\/09\/pdf.webp\" class=\"attachment-full size-full wp-image-1639\" alt=\"pdf\" \/><\/a><\/figure><div class=\"elementor-image-box-content\"><h3 class=\"elementor-image-box-title\"><a href=\"\/wp-content\/uploads\/2024\/09\/ISO-9001_2015_es_ISO-14001_2015_tanusitvany_angol_2024.03.25_2027.03.24.pdf\" target=\"_blank\">ISO 9001:2015 \u00e9s ISO 14001:2015 (EN)<\/a><\/h3><\/div><\/div>\t\t\t\t<\/div>\n\t\t\t\t<\/div>\n\t\t\t\t\t<\/div>\n\t\t\t\t<\/div>\n\t\t\t\t<\/div>\n\t\t","protected":false},"excerpt":{"rendered":"<p>Documents Copy creation order Copy creation order ISO Certificates ISO\/IEC 27001:2022 (HU) ISO\/IEC 27001:2022 (EN) ISO 9001:2015 \u00e9s ISO 14001:2015 (HU) ISO 9001:2015 \u00e9s ISO 14001:2015 (EN) FSC-STD-40-004 \u00e9s FSC-STD-50-001 ISO 50001:2018 (HU) ISO 50001:2018 (EN) Besz\u00e1mol\u00f3k ISO\/IEC 27001:2013 (HU) ISO\/IEC 27001:2013 (EN) ISO 9001:2015 \u00e9s ISO 14001:2015 (HU) ISO 9001:2015 \u00e9s ISO 14001:2015 (EN)<\/p>\n","protected":false},"author":6,"featured_media":0,"parent":0,"menu_order":0,"comment_status":"closed","ping_status":"closed","template":"","meta":{"footnotes":""},"class_list":["post-1709","page","type-page","status-publish","hentry"],"yoast_head":"<!-- This site is optimized with the Yoast SEO plugin v27.3 - https:\/\/yoast.com\/product\/yoast-seo-wordpress\/ -->\n<title>Documents and downloadable materials | EPDB<\/title>\n<meta name=\"description\" content=\"Looking for documents? Access official EPDB materials and downloadable files in one place, easily available and organized.\" \/>\n<meta name=\"robots\" content=\"index, follow, max-snippet:-1, max-image-preview:large, max-video-preview:-1\" \/>\n<link rel=\"canonical\" href=\"https:\/\/www.epdb.hu\/en\/documents\/\" \/>\n<meta property=\"og:locale\" content=\"en_US\" \/>\n<meta property=\"og:type\" content=\"article\" \/>\n<meta property=\"og:title\" content=\"Documents and downloadable materials | EPDB\" \/>\n<meta property=\"og:description\" content=\"Looking for documents? Access official EPDB materials and downloadable files in one place, easily available and organized.\" \/>\n<meta property=\"og:url\" content=\"https:\/\/www.epdb.hu\/en\/documents\/\" \/>\n<meta property=\"og:site_name\" content=\"EPDB Nyomtat\u00e1si K\u00f6zpont\" \/>\n<meta property=\"article:modified_time\" content=\"2026-04-09T12:37:00+00:00\" \/>\n<meta property=\"og:image\" content=\"https:\/\/www.epdb.hu\/wp-content\/uploads\/2024\/09\/pdf.webp\" \/>\n<meta name=\"twitter:card\" content=\"summary_large_image\" \/>\n<meta name=\"twitter:label1\" content=\"Est. reading time\" \/>\n\t<meta name=\"twitter:data1\" content=\"3 minutes\" \/>\n<script type=\"application\/ld+json\" class=\"yoast-schema-graph\">{\"@context\":\"https:\\\/\\\/schema.org\",\"@graph\":[{\"@type\":\"WebPage\",\"@id\":\"https:\\\/\\\/www.epdb.hu\\\/en\\\/documents\\\/\",\"url\":\"https:\\\/\\\/www.epdb.hu\\\/en\\\/documents\\\/\",\"name\":\"Documents and downloadable materials | EPDB\",\"isPartOf\":{\"@id\":\"https:\\\/\\\/www.epdb.hu\\\/en\\\/#website\"},\"primaryImageOfPage\":{\"@id\":\"https:\\\/\\\/www.epdb.hu\\\/en\\\/documents\\\/#primaryimage\"},\"image\":{\"@id\":\"https:\\\/\\\/www.epdb.hu\\\/en\\\/documents\\\/#primaryimage\"},\"thumbnailUrl\":\"https:\\\/\\\/www.epdb.hu\\\/wp-content\\\/uploads\\\/2024\\\/09\\\/pdf.webp\",\"datePublished\":\"2024-09-04T14:40:20+00:00\",\"dateModified\":\"2026-04-09T12:37:00+00:00\",\"description\":\"Looking for documents? Access official EPDB materials and downloadable files in one place, easily available and organized.\",\"breadcrumb\":{\"@id\":\"https:\\\/\\\/www.epdb.hu\\\/en\\\/documents\\\/#breadcrumb\"},\"inLanguage\":\"en-US\",\"potentialAction\":[{\"@type\":\"ReadAction\",\"target\":[\"https:\\\/\\\/www.epdb.hu\\\/en\\\/documents\\\/\"]}]},{\"@type\":\"ImageObject\",\"inLanguage\":\"en-US\",\"@id\":\"https:\\\/\\\/www.epdb.hu\\\/en\\\/documents\\\/#primaryimage\",\"url\":\"https:\\\/\\\/www.epdb.hu\\\/wp-content\\\/uploads\\\/2024\\\/09\\\/pdf.webp\",\"contentUrl\":\"https:\\\/\\\/www.epdb.hu\\\/wp-content\\\/uploads\\\/2024\\\/09\\\/pdf.webp\"},{\"@type\":\"BreadcrumbList\",\"@id\":\"https:\\\/\\\/www.epdb.hu\\\/en\\\/documents\\\/#breadcrumb\",\"itemListElement\":[{\"@type\":\"ListItem\",\"position\":1,\"name\":\"Home\",\"item\":\"https:\\\/\\\/www.epdb.hu\\\/en\\\/\"},{\"@type\":\"ListItem\",\"position\":2,\"name\":\"Documents\"}]},{\"@type\":\"WebSite\",\"@id\":\"https:\\\/\\\/www.epdb.hu\\\/en\\\/#website\",\"url\":\"https:\\\/\\\/www.epdb.hu\\\/en\\\/\",\"name\":\"EPDB Nyomtat\u00e1si K\u00f6zpont\",\"description\":\"\",\"publisher\":{\"@id\":\"https:\\\/\\\/www.epdb.hu\\\/en\\\/#organization\"},\"potentialAction\":[{\"@type\":\"SearchAction\",\"target\":{\"@type\":\"EntryPoint\",\"urlTemplate\":\"https:\\\/\\\/www.epdb.hu\\\/en\\\/?s={search_term_string}\"},\"query-input\":{\"@type\":\"PropertyValueSpecification\",\"valueRequired\":true,\"valueName\":\"search_term_string\"}}],\"inLanguage\":\"en-US\"},{\"@type\":\"Organization\",\"@id\":\"https:\\\/\\\/www.epdb.hu\\\/en\\\/#organization\",\"name\":\"EPDB Nyomtat\u00e1si K\u00f6zpont\",\"url\":\"https:\\\/\\\/www.epdb.hu\\\/en\\\/\",\"logo\":{\"@type\":\"ImageObject\",\"inLanguage\":\"en-US\",\"@id\":\"https:\\\/\\\/www.epdb.hu\\\/en\\\/#\\\/schema\\\/logo\\\/image\\\/\",\"url\":\"https:\\\/\\\/www.epdb.hu\\\/wp-content\\\/uploads\\\/2024\\\/06\\\/epdb-logo.svg\",\"contentUrl\":\"https:\\\/\\\/www.epdb.hu\\\/wp-content\\\/uploads\\\/2024\\\/06\\\/epdb-logo.svg\",\"width\":200,\"height\":46,\"caption\":\"EPDB Nyomtat\u00e1si K\u00f6zpont\"},\"image\":{\"@id\":\"https:\\\/\\\/www.epdb.hu\\\/en\\\/#\\\/schema\\\/logo\\\/image\\\/\"}}]}<\/script>\n<!-- \/ Yoast SEO plugin. -->","yoast_head_json":{"title":"Documents and downloadable materials | EPDB","description":"Looking for documents? Access official EPDB materials and downloadable files in one place, easily available and organized.","robots":{"index":"index","follow":"follow","max-snippet":"max-snippet:-1","max-image-preview":"max-image-preview:large","max-video-preview":"max-video-preview:-1"},"canonical":"https:\/\/www.epdb.hu\/en\/documents\/","og_locale":"en_US","og_type":"article","og_title":"Documents and downloadable materials | EPDB","og_description":"Looking for documents? Access official EPDB materials and downloadable files in one place, easily available and organized.","og_url":"https:\/\/www.epdb.hu\/en\/documents\/","og_site_name":"EPDB Nyomtat\u00e1si K\u00f6zpont","article_modified_time":"2026-04-09T12:37:00+00:00","og_image":[{"url":"https:\/\/www.epdb.hu\/wp-content\/uploads\/2024\/09\/pdf.webp","type":"","width":"","height":""}],"twitter_card":"summary_large_image","twitter_misc":{"Est. reading time":"3 minutes"},"schema":{"@context":"https:\/\/schema.org","@graph":[{"@type":"WebPage","@id":"https:\/\/www.epdb.hu\/en\/documents\/","url":"https:\/\/www.epdb.hu\/en\/documents\/","name":"Documents and downloadable materials | EPDB","isPartOf":{"@id":"https:\/\/www.epdb.hu\/en\/#website"},"primaryImageOfPage":{"@id":"https:\/\/www.epdb.hu\/en\/documents\/#primaryimage"},"image":{"@id":"https:\/\/www.epdb.hu\/en\/documents\/#primaryimage"},"thumbnailUrl":"https:\/\/www.epdb.hu\/wp-content\/uploads\/2024\/09\/pdf.webp","datePublished":"2024-09-04T14:40:20+00:00","dateModified":"2026-04-09T12:37:00+00:00","description":"Looking for documents? Access official EPDB materials and downloadable files in one place, easily available and organized.","breadcrumb":{"@id":"https:\/\/www.epdb.hu\/en\/documents\/#breadcrumb"},"inLanguage":"en-US","potentialAction":[{"@type":"ReadAction","target":["https:\/\/www.epdb.hu\/en\/documents\/"]}]},{"@type":"ImageObject","inLanguage":"en-US","@id":"https:\/\/www.epdb.hu\/en\/documents\/#primaryimage","url":"https:\/\/www.epdb.hu\/wp-content\/uploads\/2024\/09\/pdf.webp","contentUrl":"https:\/\/www.epdb.hu\/wp-content\/uploads\/2024\/09\/pdf.webp"},{"@type":"BreadcrumbList","@id":"https:\/\/www.epdb.hu\/en\/documents\/#breadcrumb","itemListElement":[{"@type":"ListItem","position":1,"name":"Home","item":"https:\/\/www.epdb.hu\/en\/"},{"@type":"ListItem","position":2,"name":"Documents"}]},{"@type":"WebSite","@id":"https:\/\/www.epdb.hu\/en\/#website","url":"https:\/\/www.epdb.hu\/en\/","name":"EPDB Nyomtat\u00e1si K\u00f6zpont","description":"","publisher":{"@id":"https:\/\/www.epdb.hu\/en\/#organization"},"potentialAction":[{"@type":"SearchAction","target":{"@type":"EntryPoint","urlTemplate":"https:\/\/www.epdb.hu\/en\/?s={search_term_string}"},"query-input":{"@type":"PropertyValueSpecification","valueRequired":true,"valueName":"search_term_string"}}],"inLanguage":"en-US"},{"@type":"Organization","@id":"https:\/\/www.epdb.hu\/en\/#organization","name":"EPDB Nyomtat\u00e1si K\u00f6zpont","url":"https:\/\/www.epdb.hu\/en\/","logo":{"@type":"ImageObject","inLanguage":"en-US","@id":"https:\/\/www.epdb.hu\/en\/#\/schema\/logo\/image\/","url":"https:\/\/www.epdb.hu\/wp-content\/uploads\/2024\/06\/epdb-logo.svg","contentUrl":"https:\/\/www.epdb.hu\/wp-content\/uploads\/2024\/06\/epdb-logo.svg","width":200,"height":46,"caption":"EPDB Nyomtat\u00e1si K\u00f6zpont"},"image":{"@id":"https:\/\/www.epdb.hu\/en\/#\/schema\/logo\/image\/"}}]}},"_links":{"self":[{"href":"https:\/\/www.epdb.hu\/en\/wp-json\/wp\/v2\/pages\/1709","targetHints":{"allow":["GET"]}}],"collection":[{"href":"https:\/\/www.epdb.hu\/en\/wp-json\/wp\/v2\/pages"}],"about":[{"href":"https:\/\/www.epdb.hu\/en\/wp-json\/wp\/v2\/types\/page"}],"author":[{"embeddable":true,"href":"https:\/\/www.epdb.hu\/en\/wp-json\/wp\/v2\/users\/6"}],"replies":[{"embeddable":true,"href":"https:\/\/www.epdb.hu\/en\/wp-json\/wp\/v2\/comments?post=1709"}],"version-history":[{"count":0,"href":"https:\/\/www.epdb.hu\/en\/wp-json\/wp\/v2\/pages\/1709\/revisions"}],"wp:attachment":[{"href":"https:\/\/www.epdb.hu\/en\/wp-json\/wp\/v2\/media?parent=1709"}],"curies":[{"name":"wp","href":"https:\/\/api.w.org\/{rel}","templated":true}]}}